{"id":25455,"date":"2026-04-21T10:46:21","date_gmt":"2026-04-21T09:46:21","guid":{"rendered":"https:\/\/monikakunovska.cz\/?post_type=product&#038;p=25455"},"modified":"2026-04-21T10:52:25","modified_gmt":"2026-04-21T09:52:25","slug":"pranicke-ladeni-s-monikou-a-lucii-25-28-9-pobyt-na-vysocine","status":"publish","type":"product","link":"https:\/\/monikakunovska.cz\/en\/produkty\/pranicke-ladeni-s-monikou-a-lucii-25-28-9-pobyt-na-vysocine\/","title":{"rendered":"Pr\u00e1nick\u00e9 lad\u011bn\u00ed s Monikou a Luci\u00ed 25. &#8211; 28. 9. &#8211; Pobyt na Vyso\u010din\u011b"},"content":{"rendered":"<h3>PR\u00c1NA &#8211; PR\u00c1NICK\u00c9 LAD\u011aN\u00cd s Monikou a Luci\u00ed &#8211; Pobyt na Vyso\u010din\u011b<\/h3>\n<h3>Datum: 25. &#8211; 28. 9.\u00a0 2026\u00a0 (za\u010d\u00e1tek v p\u00e1tek v 19.30 hodin, konec v pond\u011bl\u00ed kolem 16 hodiny)<\/h3>\n<h3>M\u00edsto kon\u00e1n\u00ed: Centrum U Zdroje, Pavlov 34, Pavlov u Led\u010de nad S\u00e1zavou<\/h3>\n<h4>Dal\u0161\u00ed pobyty v r. 2026:\u00a0 3. &#8211; 10. 7., 20. &#8211; 23. 8. (harmoniza\u010dn\u00ed kemp) 4. &#8211; 12. 9. + 12. 9. &#8211; 20. 9. (chorvatsko), 23. &#8211; 28. 10., 13. &#8211; 17. 11. (vnit\u0159n\u00ed s\u00edla a harmonie),<\/h4>\n<p><strong>O \u010dem to bude:<\/strong><\/p>\n<ul>\n<li>4 dny bez fyzick\u00e9 stravy<\/li>\n<li>zm\u011bna p\u0159\u00edstupu k v\u00fd\u017eiv\u011b<\/li>\n<li>aktivace samouzdravuj\u00edc\u00edch proces\u016f ve sv\u00e9m t\u011ble<\/li>\n<li>ka\u017ed\u00fd den rann\u00ed meditace, energetick\u00e1 sn\u00eddan\u011b, ob\u011bd i ve\u010de\u0159e<\/li>\n<li>meditace na p\u0159elad\u011bn\u00ed bun\u011bk na pr\u00e1nu<\/li>\n<li>informace, jak t\u011blo funguje bez fyzick\u00e9 stravy, jak lze vyu\u017e\u00edt energetick\u00fd potenci\u00e1l bun\u011bk i energie kolem n\u00e1s<\/li>\n<li>pro\u010di\u0161t\u011bn\u00ed fyzick\u00e9, emo\u010dn\u00ed, ment\u00e1ln\u00ed i duchovn\u00ed \u00farovn\u011b<\/li>\n<li>pobyt v tichu<\/li>\n<li>proch\u00e1zky a uk\u00e1zky jak na\u010derpat energii z vody, strom\u016f, kamen\u016f, p\u0159\u00edrody<\/li>\n<li>cvi\u010den\u00ed Qigongu pro nabr\u00e1n\u00ed, kultivaci a vyu\u017eit\u00ed energie k sebel\u00e9\u010den\u00ed, vnit\u0159n\u00edmu klidu<\/li>\n<li>zpracov\u00e1n\u00ed t\u00e9mat, kter\u00e1 n\u00e1m br\u00e1n\u00ed b\u00fdt v harmonii<\/li>\n<\/ul>\n<p><strong>Sv\u011btlo<\/strong> \u2013 p\u0159irozen\u00fd zdroj energie, kter\u00fd je v\u0161ude v n\u00e1s i kolem n\u00e1s. Jak si jej uchovat a vyu\u017e\u00edvat jej v\u011bdom\u011b? To je z\u00e1kladn\u00edm t\u00e9matem pr\u00e1nick\u00e9ho p\u0159echodu. V mal\u00e9 skupin\u011b \u010dtrn\u00e1cti lid\u00ed ukotv\u00edme \u017eivot ze sv\u011btla, \u017eivot ve sv\u011btle. Vr\u00e1t\u00edme se do na\u0161\u00ed p\u0159irozenosti, kdy \u017eivotn\u00ed energie-pr\u00e1na byla na\u0161\u00ed sou\u010d\u00e1st\u00ed.<br \/>\n21 dn\u016f trv\u00e1, ne\u017e se na\u0161e podv\u011bdom\u00ed p\u0159eprogramuje na nov\u00fd n\u00e1vyk &#8211; z\u00edsk\u00e1vat energii jinak, ne\u017e z fyzick\u00e9 stravy.<br \/>\n5dn\u016f budeme spolu pov\u00eddat, \u0159e\u0161it t\u00e9mata, kter\u00e1 v\u00e1m br\u00e1n\u00ed b\u00fdt v harmonii, cvi\u010dit, propojovat se s r\u016fzn\u00fdmi zdroji energie. P\u016fjdeme do hloubky sv\u00e9ho byt\u00ed, propoj\u00edme se pomoc\u00ed technik se sv\u00fdm V\u011bdom\u00edm. Sou\u010d\u00e1st\u00ed bude i pobyt v tichu a ve tm\u011b.<\/p>\n<p>Sou\u010d\u00e1st\u00ed pobytu bude tak\u00e9 individu\u00e1ln\u00ed konzultace pomoc\u00ed Image Medicine<\/p>\n<p><strong>Z\u00e1kladn\u00ed cena 4denn\u00edho pobytu v\u010d. ubytov\u00e1n\u00ed a ob\u010derstven\u00ed 8 500 K\u010d\/ 350 EUR <\/strong><\/p>\n<p><strong>Pro zahrani\u010dn\u00ed platbu v EUR CZ89 0800 0000 0020 5000 7293, BIC: GIBACZPX.<\/strong><\/p>\n<p>V cen\u011b je zahrnuto:<br \/>\n&#8211; ubytov\u00e1n\u00ed, kompletn\u00ed program,<br \/>\n&#8211; zaji\u0161t\u011bn\u00ed ovoce, o\u0159ech\u016f, k\u00e1vy, \u010daje, medu, p\u0159\u00edpadn\u011b dal\u0161\u00edch z\u00e1kladn\u00edch v\u011bc\u00ed pro p\u0159\u00edjemn\u00fd pobyt<\/p>\n<p><strong>Rezervace m\u00edsta je platn\u00e1 po registraci a uhrazen\u00ed z\u00e1lohy 3 000 K\u010d. Doplatek je mo\u017en\u00e9 uhradit na m\u00edst\u011b nebo prost\u0159ednictv\u00edm rezerva\u010dn\u00edho syst\u00e9mu.\u00a0<\/strong><\/p>\n<p><strong>S ohledem na aktu\u00e1ln\u00ed situaci je mo\u017en\u00e9 domluvit individu\u00e1ln\u00ed platebn\u00ed kalend\u00e1\u0159.<\/strong><\/p>\n<p><strong>Registrace: p\u0159es webov\u00e9 str\u00e1nky<\/strong><\/p>\n","protected":false},"excerpt":{"rendered":"<p>\u010cty\u0159i dny s pr\u00e1nou pro v\u0161echny, kter\u00e9 \u017eivot ze sv\u011btla oslovuje. Ale tak\u00e9 pro ka\u017ed\u00e9ho, kdo si chce vyzkou\u0161et pln\u011b si u\u017e\u00edt 4 dn\u016f bez fyzick\u00e9 stravy bez nutnosti po ukon\u010den\u00ed b\u00fdt pouze na pr\u00e1n\u011b. Spousta z\u00e1bavy, z\u00e1\u017eitk\u016f i informac\u00ed v kr\u00e1sn\u00e9m prost\u0159ed\u00ed u \u0159eky Oslavy. J\u00edst se nemus\u00ed, ale m\u016f\u017ee &#8211; a jak to ud\u011blat &#8211; o tom v\u0161em je n\u00e1\u0161 pobyt. <\/p>\n","protected":false},"featured_media":20107,"template":"","meta":{"_eb_attr":"","uix_meta_title":"","uix_meta_description":"","uix_canonical_url":"","footnotes":""},"product_brand":[],"product_cat":[119],"class_list":{"0":"post-25455","1":"product","2":"type-product","3":"status-publish","4":"has-post-thumbnail","6":"product_cat-seminare","8":"first","9":"instock","10":"virtual","11":"purchasable","12":"product-type-simple"},"publishpress_future_action":{"enabled":false,"date":"2026-04-29 01:30:51","action":"change-status","newStatus":"draft","terms":[],"taxonomy":"product_brand","extraData":[]},"publishpress_future_workflow_manual_trigger":{"enabledWorkflows":[]},"_links":{"self":[{"href":"https:\/\/monikakunovska.cz\/en\/wp-json\/wp\/v2\/product\/25455","targetHints":{"allow":["GET"]}}],"collection":[{"href":"https:\/\/monikakunovska.cz\/en\/wp-json\/wp\/v2\/product"}],"about":[{"href":"https:\/\/monikakunovska.cz\/en\/wp-json\/wp\/v2\/types\/product"}],"version-history":[{"count":1,"href":"https:\/\/monikakunovska.cz\/en\/wp-json\/wp\/v2\/product\/25455\/revisions"}],"predecessor-version":[{"id":25456,"href":"https:\/\/monikakunovska.cz\/en\/wp-json\/wp\/v2\/product\/25455\/revisions\/25456"}],"wp:featuredmedia":[{"embeddable":true,"href":"https:\/\/monikakunovska.cz\/en\/wp-json\/wp\/v2\/media\/20107"}],"wp:attachment":[{"href":"https:\/\/monikakunovska.cz\/en\/wp-json\/wp\/v2\/media?parent=25455"}],"wp:term":[{"taxonomy":"product_brand","embeddable":true,"href":"https:\/\/monikakunovska.cz\/en\/wp-json\/wp\/v2\/product_brand?post=25455"},{"taxonomy":"product_cat","embeddable":true,"href":"https:\/\/monikakunovska.cz\/en\/wp-json\/wp\/v2\/product_cat?post=25455"}],"curies":[{"name":"wp","href":"https:\/\/api.w.org\/{rel}","templated":true}]}}