{"id":25344,"date":"2026-03-24T13:24:54","date_gmt":"2026-03-24T12:24:54","guid":{"rendered":"https:\/\/monikakunovska.cz\/?post_type=product&#038;p=25344"},"modified":"2026-05-08T10:45:21","modified_gmt":"2026-05-08T09:45:21","slug":"kurz-image-medicine-pro-pokrocile-29-31-5","status":"publish","type":"product","link":"https:\/\/monikakunovska.cz\/en\/produkty\/kurz-image-medicine-pro-pokrocile-29-31-5\/","title":{"rendered":"Kurz Image Medicine pro pokro\u010dil\u00e9 29. &#8211; 31. 5. 2026"},"content":{"rendered":"<h2>Kurz \u010c\u00ednsk\u00e9 Image Medicine (CIM) pro pokro\u010dil\u00e9<\/h2>\n<h3>pod z\u00e1\u0161titou\u00a0 Kundawell Instute Beijing, China<\/h3>\n<p><strong>Datum: 29. &#8211; 31. 5.\u00a0 2026\u00a0\u00a0<\/strong> (p\u00e1tek od 17.30 do 21.00, sobota 9.30 &#8211; 18 hod\u00a0 a ned\u011ble 9.30 &#8211; 16 hod., celkem 16 hodin v\u00fduky).<\/p>\n<p>Semin\u00e1\u0159 prob\u00edh\u00e1 v <strong>Centru Sv\u011btla, Vy\u0161ehradsk\u00e1 43, Praha 2\u00a0 kter\u00e9 je centrem Image Medicine v \u010cesk\u00e9 republice.\u00a0 <\/strong>Tento semin\u00e1\u0159 nebude online, pouze prezen\u010dn\u011b.<\/p>\n<p data-start=\"2177\" data-end=\"2230\">Tento kurz nen\u00ed jen o u\u010den\u00ed. Je o p\u0159\u00edm\u00e9 zku\u0161enosti.<\/p>\n<p data-start=\"2232\" data-end=\"2329\">O pochopen\u00ed, \u017ee realita, kterou \u017eijeme, je prom\u011bnliv\u00e1 \u2013<br data-start=\"2287\" data-end=\"2290\" \/>a \u017ee kl\u00ed\u010d ke zm\u011bn\u011b m\u00e1me ve sv\u00e9m v\u011bdom\u00ed.<\/p>\n<h3 data-section-id=\"1xwfw90\" data-start=\"243\" data-end=\"300\"><span role=\"text\"><strong data-start=\"247\" data-end=\"300\">C\u00edlem je vstup do hlub\u0161\u00ed \u00farovn\u011b pr\u00e1ce s obrazem a realitou<\/strong><\/span><\/h3>\n<p data-start=\"302\" data-end=\"541\">Tento pokro\u010dil\u00fd kurz Image Medicine je ur\u010den pro ty, kte\u0159\u00ed ji\u017e maj\u00ed zku\u0161enost s prac\u00ed s energi\u00ed a cht\u011bj\u00ed j\u00edt do hloubky \u2013 pochopit, jak vznik\u00e1 realita, jak ji lze m\u011bnit a jak skrze v\u011bdomou pr\u00e1ci s obrazem ovliv\u0148ovat zdrav\u00ed i \u017eivot \u010dlov\u011bka.<\/p>\n<p data-start=\"543\" data-end=\"620\">Nau\u010d\u00edte se vn\u00edmat sv\u011bt nejen jako hmotu, ale jako obraz, kter\u00fd lze p\u0159etv\u00e1\u0159et.<\/p>\n<p>Semin\u00e1\u0159 je ur\u010den pro v\u0161echny <strong>absolventy z\u00e1kladn\u00edho kurz Image Medicine. <\/strong>kte\u0159\u00ed cht\u011bj\u00ed prohloubit sv\u00e9 schopnosti v oblasti pr\u00e1ce s energi\u00ed, v\u011bdom\u00edm a l\u00e9\u010debn\u00fdm obrazem.<\/p>\n<h3 data-section-id=\"1sslygc\" data-start=\"627\" data-end=\"646\"><span role=\"text\"><strong data-start=\"631\" data-end=\"646\">Co v\u00e1s \u010dek\u00e1<\/strong><\/span><\/h3>\n<p data-start=\"648\" data-end=\"829\">\ud83d\udd39 <strong data-start=\"651\" data-end=\"682\">Co je obraz a jak jej m\u011bnit<\/strong><br data-start=\"682\" data-end=\"685\" \/>Pochop\u00edte princip obrazu jako z\u00e1kladn\u00ed struktury reality. Nau\u010d\u00edte se, jak obraz vznik\u00e1, jak jej \u010d\u00edst a p\u0159edev\u0161\u00edm \u2013 jak jej v\u011bdom\u011b transformovat.<\/p>\n<p data-start=\"831\" data-end=\"1051\">\ud83d\udd39 <strong data-start=\"834\" data-end=\"866\">Hmotn\u00e1 vs. virtu\u00e1ln\u00ed realita<\/strong><br data-start=\"866\" data-end=\"869\" \/>Prozkoum\u00e1me rozd\u00edl mezi t\u00edm, co vn\u00edm\u00e1me jako \u201epevnou realitu\u201c, a t\u00edm, co existuje na jemn\u011bj\u0161\u00ed \u00farovni. Nau\u010d\u00edte se vstupovat do virtu\u00e1ln\u00ed reality a pracovat v n\u00ed jako v prostoru zm\u011bny.<\/p>\n<p data-start=\"1053\" data-end=\"1259\">\ud83d\udd39 <strong data-start=\"1056\" data-end=\"1104\">Uzdravov\u00e1n\u00ed skrze zm\u011bnu ve virtu\u00e1ln\u00ed realit\u011b<\/strong><br data-start=\"1104\" data-end=\"1107\" \/>Zjist\u00edte, jak lze zm\u011bnou obrazu na jemn\u00e9 \u00farovni ovlivnit fyzick\u00e9 t\u011blo. Praktick\u00e9 techniky Image Medicine pro podporu regenerace a harmonizace organismu.<\/p>\n<p data-start=\"1261\" data-end=\"1470\">\ud83d\udd39 <strong data-start=\"1264\" data-end=\"1320\">P\u0159\u00ed\u010diny nemoc\u00ed a jejich \u0159e\u0161en\u00ed pomoc\u00ed Image Medicine<\/strong><br data-start=\"1320\" data-end=\"1323\" \/>Porozum\u00edte hlub\u0161\u00edm souvislostem vzniku konkr\u00e9tn\u00edch onemocn\u011bn\u00ed. Nau\u010d\u00edte se, jak pracovat s jejich p\u0159\u00ed\u010dinou na \u00farovni obrazu, nikoli pouze s projevy.<\/p>\n<p data-start=\"1472\" data-end=\"1682\">\ud83d\udd39 <strong data-start=\"1475\" data-end=\"1514\">Krev a \u010dchi \u2013 jejich vz\u00e1jemn\u00fd vztah<\/strong><br data-start=\"1514\" data-end=\"1517\" \/>Jak souvis\u00ed energie a fyzick\u00e1 substance? Jak ovliv\u0148uje \u010dchi kvalitu krve a jak krev zp\u011btn\u011b ovliv\u0148uje tok energie v t\u011ble? Praktick\u00e9 vhledy pro pr\u00e1ci s ob\u011bma \u00farovn\u011bmi.<\/p>\n<p><strong>O mn\u011b:<\/strong>\u00a0terapeutka t\u0159et\u00edho stupn\u011b CIM, pov\u011b\u0159en\u00e1 prof. Xu Mingtangem v\u00e9st kurzy CIM, s dlouholetou aktivn\u00ed prax\u00ed a tis\u00edci individu\u00e1ln\u00edmi terapiemi od r. 2016. Absolventka n\u011bkolika intenzivn\u00edch\u00a0 dlouhodob\u00fdch kurz\u016f \u010c\u00ednsk\u00e9 Image Medicine v Kundawell Institute Beijing (posledn\u00ed 19. 12. 2025 &#8211; 18. 1. 2026). Osobn\u00ed \u017ea\u010dka prof. Xu Mingtanga od r. 2016. Instruktorka Zhong Yuan Qigong pro 1. a 2. stupe\u0148 ZY Qigong.<\/p>\n<p><strong>Z\u00e1kladn\u00ed cena t\u0159\u00eddenn\u00edho semin\u00e1\u0159e\u00a0 5 500 K\u010d\/ 225 EUR. \u010c\u00e1st kurzovn\u00e9ho bude zasl\u00e1na na v\u00fdstavbu Biguan Centra, hlavn\u00edho projektu na\u0161\u00ed \u0161koly.<\/strong><\/p>\n<p><strong>\u010c\u00ednsk\u00e1 Image Medicine<\/strong> je modern\u00ed l\u00e9\u010debn\u00e1 metoda zalo\u017een\u00e1 na podrobn\u00e9 diagnostice \u010dlov\u011bka z hlediska fyzick\u00e9, energetick\u00e9 a informa\u010dn\u00ed \u00farovn\u011b, \u00farovn\u011b rovnov\u00e1hy jin a jang a tak\u00e9 \u00farovn\u011b pr\u00e1zdnoty-jednoty. V\u0161echny tyto \u00farovn\u011b jsou propojen\u00e9 a navz\u00e1jem se ovliv\u0148uj\u00ed. Pokud je \u010dlov\u011bk zdrav\u00fd, je cel\u00fd bioenergetick\u00fd syst\u00e9m v rovnov\u00e1ze a jednotliv\u00e9 \u00farovn\u011b jsou v harmonii. Diagnostika i l\u00e9\u010den\u00ed jsou zalo\u017eeny na pr\u00e1ci s obrazy, jak n\u00e1zev t\u00e9to metody napov\u00edd\u00e1. Kde je nerovnov\u00e1ha nebo nemoc objevuj\u00ed se obrazy, kter\u00e9 lze zm\u011bnit a uv\u00e9st organismus, energii nebo informaci do rovnov\u00e1hy. Sou\u010d\u00e1st\u00ed je i zharmonizov\u00e1n\u00ed energetick\u00e9ho syst\u00e9mu \u010dlov\u011bka pomoc\u00ed uvoln\u011bn\u00ed energetick\u00fdch kan\u00e1l\u016f a blok\u016f v jednotliv\u00fdch \u010d\u00e1stech t\u011bla pomoc\u00ed aktivace a vy\u010di\u0161t\u011bn\u00ed stagnuj\u00edc\u00ed energie. Diagnostika i metody IM jsou ov\u011b\u0159en\u00e9 a pou\u017e\u00edvan\u00e9 v \u010c\u00edn\u011b ji\u017e n\u011bkolik tis\u00edc let.<\/p>\n<p><strong>V\u00edce o Image medicine<\/strong>: https:\/\/monikakunovska.cz\/monika-kunovska\/image-medicine\/<\/p>\n<p>Velkou v\u00fdhodou je <strong>n\u00e1sledn\u00e1 pravideln\u00e1 praxe v\u0161ech st\u00e1vaj\u00edc\u00edch i nov\u00fdch terapeut\u016f CIM ka\u017edou st\u0159edu zdarma.<\/strong> K dispozici jsou celkem t\u0159i terapeutick\u00e9 m\u00edstnosti a tak\u00e9 velk\u00fd s\u00e1l, 16 mas\u00e1\u017en\u00edch\u00a0 leh\u00e1tek i podpora zku\u0161en\u00fdch terapet\u016f.<strong> Dal\u0161\u00ed mo\u017enost rozv\u00edjet svoje schopnosti je p\u0159i pravideln\u00e9 celodenn\u00ed praxi, kter\u00e1 je organizov\u00e1na cca 1x za 2 m\u011bs\u00edce.<\/strong>Terapeutick\u00e9 m\u00edstnosti v Centru Sv\u011btla jsou tak\u00e9 k dispozici v\u0161em absolvent\u016fm a za\u010d\u00ednaj\u00edc\u00edm terapeut\u016fm, kde mohou m\u00edt jednotliv\u00e9 konzultace a terapie.<\/p>\n<p><strong>Po kurzu mohou tak\u00e9 \u00fa\u010dastn\u00edci vstoupit do \u010cesk\u00e9 Asociace \u010c\u00ednsk\u00e9 Image Medicine, z.s. <\/strong>Asociace organizuje <strong>pravideln\u011b ka\u017ed\u00fdch 14 dn\u016f v Centru Sv\u011btla p\u0159edn\u00e1\u0161ky z Tradi\u010dn\u00ed \u010d\u00ednsk\u00e9 medic\u00edny a dal\u0161\u00edch obor\u016f, <\/strong>kter\u00e9 pom\u00e1haj\u00ed terapeut\u016fm roz\u0161i\u0159ovat svoje znalosti<strong> a tak\u00e9 pravideln\u00e9 worskhopy,<\/strong> kde jednotliv\u00ed terapeuti p\u0159ed\u00e1vaj\u00ed svoje zku\u0161enosti z l\u00e9\u010den\u00ed konkr\u00e9tn\u00edch chorob, kter\u00e9 si ka\u017ed\u00fd m\u016f\u017ee okam\u017eit\u011b vyzkou\u0161et. Pravideln\u00e9 akce jsou dopln\u011bny p\u0159edn\u00e1\u0161kami a workshopy odborn\u00edk\u016f z \u0159ad l\u00e9ka\u0159\u016f, terapeut\u016f a dal\u0161\u00edch obor\u016f. Vzhledem k tomu, \u017ee kurzy CIM v \u010cesk\u00e9 republice pro\u0161lo v\u00edce jak 200 lid\u00ed, je zastoupen\u00ed CIM roz\u0161\u00ed\u0159en\u00e9 v ostatn\u00edch m\u011bstech. V roce 2026 budeme podporovat roz\u0161\u00ed\u0159en\u00ed pravideln\u00fdch prax\u00ed po cel\u00e9 \u010cesk\u00e9 Republice.<\/p>\n<p>S ohledem na dlouholetou \u00fasp\u011b\u0161nou v\u00fduku a tak\u00e9 dynamick\u00fd rozvoj Image Medicine organizovala \u010cesk\u00e1 Asociace CIM<strong>\u00a010. Mezin\u00e1rodn\u00ed Konferenci \u010c\u00ednsk\u00e9 Image Medicine<\/strong>, kde Monika Kunovsk\u00e1, Zuzana Prok\u016fpkov\u00e1, Monika Nov\u00e1\u010dkov\u00e1, Hana Smejtkov\u00e1 a dal\u0161\u00ed terapeuti IM prezentovali svoje zku\u0161enosti a v\u00fdsledky CIM v praxi.<\/p>\n<p>Intuice, t\u0159et\u00ed oko, kundalin\u00ed &#8211; \u010dasto zmi\u0148ovan\u00e9 t\u00e9mata, ale jak je objevit, projevit a za\u010d\u00edt pou\u017e\u00edvat jak pro sebe, tak ve prosp\u011bch ostatn\u00edch. Hodn\u011b praxe ve dvojic\u00edch pro ov\u011b\u0159en\u00ed si sv\u00fdch vhled\u016f. O tom v\u0161em to bude.<\/p>\n<p>Nov\u00e9 energie n\u00e1m umo\u017e\u0148uj\u00ed kvantov\u011b m\u011bnit na\u0161e programy, nastaven\u00ed, pustit v\u0161echna star\u00e1 p\u0159esv\u011bd\u010den\u00ed. Napojit se na svoji vnit\u0159n\u00ed moudrost, s\u00edlu a potenci\u00e1l na\u0161eho propojen\u00e9ho fyzick\u00e9ho a duchovn\u00edho z\u00e1kladu.Sou\u010dasn\u00e1 doba n\u00e1s vede do svobody, ale tak\u00e9 do zodpov\u011bdnosti v\u016f\u010di sob\u011b i ostatn\u00edm. V\u011bt\u0161ina z n\u00e1s vn\u00edm\u00e1me hlubok\u00e9 zm\u011bny jak u sebe, tak v cel\u00e9 spole\u010dnosti. M\u00e1me nyn\u00ed mo\u017enost mnohem efektivn\u011bji pracovat se svou energi\u00ed, komunikovat se sv\u00fdm t\u011blem a v\u011bdom\u011b m\u011bnit svoje nastaven\u00ed na \u00farovni fyzick\u00e9, ment\u00e1ln\u00ed, emocion\u00e1ln\u00ed i duchovn\u00ed.<\/p>\n","protected":false},"excerpt":{"rendered":"<p>Kurz Image Medicine pro pokro\u010dil\u00e9, pro v\u0161echny, kdo absolvovali z\u00e1kladn\u00ed kurz IM. Hlavn\u00edmi tematy bude hmotn\u00e1 a virtu\u00e1ln\u00ed realita, uzdraven\u00ed na z\u00e1klad\u011b zm\u011bny obrazu, vztah \u010dchi a krve. A tak\u00e9 jak pomoc\u00ed IM l\u00e9\u010dit \u010dast\u00e9 nemoci.<br \/>\nImage Medicine poch\u00e1z\u00ed z \u010c\u00edny a je zalo\u017een\u00e1 na odstran\u011bn\u00ed p\u0159\u00ed\u010diny jak\u00e9koli nerovnov\u00e1hy, nemoci \u010di chronick\u00fdch obt\u00ed\u017e\u00ed pomoc\u00ed zm\u011bny obrazu. A n\u00e1sledn\u011b zharmonizov\u00e1n\u00ed a dopln\u011bn\u00ed \u010dchi do energetick\u00e9ho syst\u00e9mu. Vn\u00edm\u00e1 \u010dlov\u011bka z hlediska fyzick\u00e9, energetick\u00e9 a informa\u010dn\u00ed \u00farovn\u011b, \u00farovn\u011b rovnov\u00e1hy jin a jang a tak\u00e9 \u00farovn\u011b pr\u00e1zdnoty-jednoty.<br \/>\nV\u00edce o image medicine: https:\/\/monikakunovska.cz\/monika-kunovska\/image-medicine\/<\/p>\n","protected":false},"featured_media":25345,"template":"","meta":{"_eb_attr":"","uix_meta_title":"","uix_meta_description":"","uix_canonical_url":"","footnotes":""},"product_brand":[],"product_cat":[117,119],"class_list":{"0":"post-25344","1":"product","2":"type-product","3":"status-publish","4":"has-post-thumbnail","6":"product_cat-on-line","7":"product_cat-seminare","9":"first","10":"instock","11":"virtual","12":"sold-individually","13":"purchasable","14":"product-type-simple"},"publishpress_future_action":{"enabled":false,"date":"2026-05-19 05:09:05","action":"change-status","newStatus":"draft","terms":[],"taxonomy":"product_brand","extraData":[]},"publishpress_future_workflow_manual_trigger":{"enabledWorkflows":[]},"_links":{"self":[{"href":"https:\/\/monikakunovska.cz\/en\/wp-json\/wp\/v2\/product\/25344","targetHints":{"allow":["GET"]}}],"collection":[{"href":"https:\/\/monikakunovska.cz\/en\/wp-json\/wp\/v2\/product"}],"about":[{"href":"https:\/\/monikakunovska.cz\/en\/wp-json\/wp\/v2\/types\/product"}],"version-history":[{"count":3,"href":"https:\/\/monikakunovska.cz\/en\/wp-json\/wp\/v2\/product\/25344\/revisions"}],"predecessor-version":[{"id":25509,"href":"https:\/\/monikakunovska.cz\/en\/wp-json\/wp\/v2\/product\/25344\/revisions\/25509"}],"wp:featuredmedia":[{"embeddable":true,"href":"https:\/\/monikakunovska.cz\/en\/wp-json\/wp\/v2\/media\/25345"}],"wp:attachment":[{"href":"https:\/\/monikakunovska.cz\/en\/wp-json\/wp\/v2\/media?parent=25344"}],"wp:term":[{"taxonomy":"product_brand","embeddable":true,"href":"https:\/\/monikakunovska.cz\/en\/wp-json\/wp\/v2\/product_brand?post=25344"},{"taxonomy":"product_cat","embeddable":true,"href":"https:\/\/monikakunovska.cz\/en\/wp-json\/wp\/v2\/product_cat?post=25344"}],"curies":[{"name":"wp","href":"https:\/\/api.w.org\/{rel}","templated":true}]}}