{"id":24742,"date":"2026-01-27T20:27:52","date_gmt":"2026-01-27T19:27:52","guid":{"rendered":"https:\/\/monikakunovska.cz\/?post_type=product&#038;p=24742"},"modified":"2026-02-22T12:19:20","modified_gmt":"2026-02-22T11:19:20","slug":"tcm-podle-kalendare-ohen-srdce","status":"publish","type":"product","link":"https:\/\/monikakunovska.cz\/en\/produkty\/tcm-podle-kalendare-ohen-srdce\/","title":{"rendered":"T\u010cM podle kalend\u00e1\u0159e OHE\u0147=srdce + ZEM\u011a= slezina  21. 5. s Hankou"},"content":{"rendered":"<h3>T\u010cM podle kalend\u00e1\u0159e <strong>L\u00e9to = OHE\u0147 = srdce a tenk\u00e9 st\u0159evo<\/strong><\/h3>\n<h3>Org\u00e1ny p\u0159i\u0159azen\u00e9 5 prvk\u016fm T\u010cM podle sez\u00f3n<\/h3>\n<h4>Kdy: \u010dtvrtek 21. 5.\u00a0 od 18.00 do 21 hodin<\/h4>\n<h4>Kde: Centrum Sv\u011btla, Vy\u0161ehradsk\u00e1 43, Praha 2 i online<\/h4>\n<p><strong>P\u0159edn\u00e1\u0161\u00ed<\/strong>: Ing. Hana Fedora Smejtkov\u00e1, terapeutka t\u011bla a du\u0161e<\/p>\n<p><strong>\u00a0<\/strong>Vzhledem k\u00a0pr\u00e1zdnin\u00e1m tentokr\u00e1t 2 prvky:<\/p>\n<p>&nbsp;<\/p>\n<p><strong>L\u00e9to = OHE\u0147 = srdce a tenk\u00e9 st\u0159evo\u00a0 \u00a0 \u00a0 \u00a0 \u00a0 \u00a0 \u00a0 \u00a0 \u00a0 \u00a0 \u00a0\u00a0<\/strong><\/p>\n<p>L\u00e9to a prvek Ohe\u0148 z\u00a0pohledu tradi\u010dn\u00ed \u010d\u00ednsk\u00e9 medic\u00edny.<\/p>\n<p>Srdce a tenk\u00e9 st\u0159evo \u2013 partnersk\u00e9 org\u00e1ny prvku Ohe\u0148 a vz\u00e1jemn\u00e9 souvislosti mezi nimi.<\/p>\n<p>T\u0159i oh\u0159\u00edva\u010de a ochr\u00e1nce srdce: energetick\u00e9 org\u00e1ny prvku Ohe\u0148.<\/p>\n<p>Ohe\u0148 je dobr\u00fd sluha, ale \u0161patn\u00fd p\u00e1n.<\/p>\n<p>Emoce radosti a dal\u0161\u00ed d\u016fle\u017eit\u00e9 charakteristiky a syst\u00e9my prvku Ohe\u0148.<\/p>\n<p>Nej\u010dast\u011bj\u0161\u00ed p\u0159\u00edklady nerovnov\u00e1hy prvku Ohe\u0148.<\/p>\n<p>L\u00e9\u010den\u00ed probl\u00e9m\u016f, konkr\u00e9tn\u00ed rady a prevence pro nastolen\u00ed a udr\u017een\u00ed zdrav\u00ed.<\/p>\n<p><strong>\u00a0\u00a0\u00a0\u00a0\u00a0\u00a0\u00a0\u00a0\u00a0\u00a0\u00a0\u00a0\u00a0\u00a0\u00a0\u00a0\u00a0\u00a0\u00a0\u00a0\u00a0\u00a0\u00a0\u00a0\u00a0\u00a0\u00a0\u00a0\u00a0 +<\/strong><\/p>\n<p><strong>Bab\u00ed l\u00e9to = ZEM\u011a = slezina, slinivka a \u017ealudek<\/strong><\/p>\n<p>Bab\u00ed l\u00e9to a prvek Zem\u011b z\u00a0pohledu tradi\u010dn\u00ed \u010d\u00ednsk\u00e9 medic\u00edny.<\/p>\n<p>Slezina a \u017ealudek \u2013 partnersk\u00e9 org\u00e1ny prvku Zem\u011b a vz\u00e1jemn\u00e9 souvislosti mezi nimi.<\/p>\n<p>Emoce starost\u00ed a p\u0159em\u00edt\u00e1n\u00ed a dal\u0161\u00ed d\u016fle\u017eit\u00e9 charakteristiky a syst\u00e9my prvku Zem\u011b.<\/p>\n<p>Nej\u010dast\u011bj\u0161\u00ed p\u0159\u00edklady nerovnov\u00e1hy prvku Zem\u011b.<\/p>\n<p>L\u00e9\u010den\u00ed probl\u00e9m\u016f, konkr\u00e9tn\u00ed rady a prevence pro nastolen\u00ed a udr\u017een\u00ed zdrav\u00ed.<\/p>\n<p>Zb\u00fdvaj\u00edc\u00ed KOV a VODA na podzim.<\/p>\n<p>&nbsp;<\/p>\n","protected":false},"excerpt":{"rendered":"<p>T\u010cM PODLE KALEND\u00c1\u0158E. Org\u00e1ny p\u0159i\u0159azen\u00e9 5 prvk\u016fm T\u010cM podle sez\u00f3n  L\u00e9to = OHE\u0147 = srdce a tenk\u00e9 st\u0159evo + Bab\u00ed l\u00e9to = ZEM\u011a = slezina, slinivka a \u017ealudek . \u010dtvrtek 21. kv\u011btna 2026<br \/>\nP\u0159edn\u00e1\u0161\u00ed: Ing. Hana Fedora Smejtkov\u00e1, terapeutka t\u011bla a du\u0161e<\/p>\n","protected":false},"featured_media":24744,"template":"","meta":{"_eb_attr":"","uix_meta_title":"","uix_meta_description":"","uix_canonical_url":"","footnotes":""},"product_brand":[],"product_cat":[117,119],"class_list":{"0":"post-24742","1":"product","2":"type-product","3":"status-publish","4":"has-post-thumbnail","6":"product_cat-on-line","7":"product_cat-seminare","9":"first","10":"instock","11":"virtual","12":"sold-individually","13":"purchasable","14":"product-type-simple"},"publishpress_future_action":{"enabled":true,"date":"2026-05-21 21:27:00","action":"change-status","newStatus":"draft","terms":[0],"taxonomy":"product_brand","extraData":[]},"publishpress_future_workflow_manual_trigger":{"enabledWorkflows":[]},"_links":{"self":[{"href":"https:\/\/monikakunovska.cz\/en\/wp-json\/wp\/v2\/product\/24742","targetHints":{"allow":["GET"]}}],"collection":[{"href":"https:\/\/monikakunovska.cz\/en\/wp-json\/wp\/v2\/product"}],"about":[{"href":"https:\/\/monikakunovska.cz\/en\/wp-json\/wp\/v2\/types\/product"}],"version-history":[{"count":1,"href":"https:\/\/monikakunovska.cz\/en\/wp-json\/wp\/v2\/product\/24742\/revisions"}],"predecessor-version":[{"id":24743,"href":"https:\/\/monikakunovska.cz\/en\/wp-json\/wp\/v2\/product\/24742\/revisions\/24743"}],"wp:featuredmedia":[{"embeddable":true,"href":"https:\/\/monikakunovska.cz\/en\/wp-json\/wp\/v2\/media\/24744"}],"wp:attachment":[{"href":"https:\/\/monikakunovska.cz\/en\/wp-json\/wp\/v2\/media?parent=24742"}],"wp:term":[{"taxonomy":"product_brand","embeddable":true,"href":"https:\/\/monikakunovska.cz\/en\/wp-json\/wp\/v2\/product_brand?post=24742"},{"taxonomy":"product_cat","embeddable":true,"href":"https:\/\/monikakunovska.cz\/en\/wp-json\/wp\/v2\/product_cat?post=24742"}],"curies":[{"name":"wp","href":"https:\/\/api.w.org\/{rel}","templated":true}]}}