{"id":24012,"date":"2025-12-20T05:50:00","date_gmt":"2025-12-20T04:50:00","guid":{"rendered":"https:\/\/monikakunovska.cz\/?post_type=product&#038;p=24012"},"modified":"2026-04-13T17:54:27","modified_gmt":"2026-04-13T16:54:27","slug":"vecerni-cviceni-qigongu-a-celodenni-praxe-image-medicine-12-14-6-i-online","status":"publish","type":"product","link":"https:\/\/monikakunovska.cz\/en\/produkty\/vecerni-cviceni-qigongu-a-celodenni-praxe-image-medicine-12-14-6-i-online\/","title":{"rendered":"Ve\u010dern\u00ed cvi\u010den\u00ed Qigongu 12. 6.  a celodenn\u00ed praxe Image Medicine 13. &#8211; 14.  6.  i online"},"content":{"rendered":"<h3>Ve\u010dern\u00ed praxe Qigongu pro pos\u00edlen\u00ed energie a rozvoj intuice, t\u0159et\u00edho oka a diagnostick\u00fdch metod IM &#8211; p\u00e1tek 12. 6. od 18 hodin<\/h3>\n<h3>V\u00edkendov\u00e1 PRAXE IMAGE MEDICINE\u00a0 13. 6 od 9.30 pro pokro\u010dil\u00e9<\/h3>\n<h3>(diagnostika a l\u00e9\u010den\u00ed ve dvojic\u00edch, sd\u00edlen\u00ed l\u00e9\u010den\u00ed jednotliv\u00fdch nemoc\u00ed \u010di p\u0159\u00edpad\u016f)<\/h3>\n<h4>Kdy: p\u00e1tek 12. 6.\u00a0 od 18 do 21 hodin , sobota 13. 6.\u00a0 od 9.30 do 18 hodin a ned\u011ble od 9.30 do cca 15 hodin<\/h4>\n<h4>Kde: Centrum Sv\u011btla, Vy\u0161ehradsk\u00e1 43, Praha 2 i online<\/h4>\n<p>V p\u00e1tek pos\u00edl\u00edme speci\u00e1ln\u00edmi cviky ZY Qigongu svoji energii a diagnostick\u00e9 metody ( je mo\u017en\u00e9 p\u0159ijet do Centra a p\u0159espat do soboty, nebo cvi\u010den\u00ed absolvovat online).<\/p>\n<p>V\u00edkendovou praxi zah\u00e1j\u00edme v sobotu od 9.30 spole\u010dn\u00fdm sd\u00edlen\u00edm zku\u0161enost\u00ed terapeut\u016f Image medicine, potom si p\u0159ipomeneme trochu teorie, zam\u011b\u0159en\u00e9 na l\u00e9\u010den\u00ed jednotliv\u00fdch syst\u00e9m\u016f. Budeme op\u011bt praktikovat jak diagnostiku, tak l\u00e9\u010den\u00ed ve dvojic\u00edch. A hlavn\u011b i sd\u00edlet a posilovat svoji d\u016fv\u011bru.<\/p>\n<p>S ohledem na omezenou kapacitu prezen\u010dn\u00ed je nutn\u00e9 se na praxi\u00a0 registrovat a uhradit poplatek. Online p\u0159ipojen\u00ed je neomezen\u00e9.\u00a0 Z praxe bude po\u0159izov\u00e1n z\u00e1znam, kter\u00fd bude k dispozici v\u0161em \u00fa\u010dastn\u00edk\u016fm.<\/p>\n<p>Pokud budete m\u00edt z\u00e1jem o cvi\u010den\u00ed i v\u00edkendovou praxi , pros\u00edm uhra\u010fte celou \u010d\u00e1stku 2 600 K\u010d. Pokud pouze o praxi IM m\u016f\u017eete vyu\u017e\u00edt platbu 2200 K\u010d.<\/p>\n<p>Z\u00e1kladn\u00ed informace o l\u00e9\u010debn\u00e9 metod\u011b se m\u016f\u017eete dozv\u011bd\u011bt na semin\u00e1\u0159i Image Medicine\u00a0 14. &#8211; 17. 5. 2026 nebo 1. &#8211; 4. 10. 2026<br \/>\nV\u00edce o Image medicine na str\u00e1nk\u00e1ch: https:\/\/monikakunovska.cz\/byti\/image-medicine\/<\/p>\n","protected":false},"excerpt":{"rendered":"<p>Celov\u00edkendov\u00e1 praxe Image medicine pro absolventy kurz\u016f Image Medicine 13.- 14. 6.od 9.30 hod a p\u0159ed t\u00edm p\u00e1te\u010dn\u00ed pos\u00edlen\u00ed energie pomoc\u00ed ZY Qigong 12. 6. od 18 hodin Zam\u011b\u0159\u00edme se na praxi ve dvojic\u00edch, vz\u00e1jemnou v\u00fdm\u011bnu IM praktik p\u0159i konzultac\u00edch. V p\u0159\u00edpad\u011b \u00fa\u010dasti na obou akc\u00edch pros\u00edm uhra\u010fte 2600 K\u010d. Pokud se z\u00fa\u010dastn\u00edte pouze praxe, pros\u00edm uhra\u010fte 2200 K\u010d.<br \/>\nV Centru Sv\u011btla je mo\u017en\u00e9 p\u0159\u00edpadn\u011b p\u0159espat.<\/p>\n","protected":false},"featured_media":22799,"template":"","meta":{"_eb_attr":"","uix_meta_title":"","uix_meta_description":"","uix_canonical_url":"","footnotes":""},"product_brand":[],"product_cat":[117,119],"class_list":{"0":"post-24012","1":"product","2":"type-product","3":"status-publish","4":"has-post-thumbnail","6":"product_cat-on-line","7":"product_cat-seminare","9":"first","10":"instock","11":"virtual","12":"sold-individually","13":"purchasable","14":"product-type-simple"},"publishpress_future_action":{"enabled":true,"date":"2026-06-14 13:09:00","action":"change-status","newStatus":"draft","terms":[0],"taxonomy":"product_brand","extraData":[]},"publishpress_future_workflow_manual_trigger":{"enabledWorkflows":[]},"_links":{"self":[{"href":"https:\/\/monikakunovska.cz\/en\/wp-json\/wp\/v2\/product\/24012","targetHints":{"allow":["GET"]}}],"collection":[{"href":"https:\/\/monikakunovska.cz\/en\/wp-json\/wp\/v2\/product"}],"about":[{"href":"https:\/\/monikakunovska.cz\/en\/wp-json\/wp\/v2\/types\/product"}],"version-history":[{"count":5,"href":"https:\/\/monikakunovska.cz\/en\/wp-json\/wp\/v2\/product\/24012\/revisions"}],"predecessor-version":[{"id":25427,"href":"https:\/\/monikakunovska.cz\/en\/wp-json\/wp\/v2\/product\/24012\/revisions\/25427"}],"wp:featuredmedia":[{"embeddable":true,"href":"https:\/\/monikakunovska.cz\/en\/wp-json\/wp\/v2\/media\/22799"}],"wp:attachment":[{"href":"https:\/\/monikakunovska.cz\/en\/wp-json\/wp\/v2\/media?parent=24012"}],"wp:term":[{"taxonomy":"product_brand","embeddable":true,"href":"https:\/\/monikakunovska.cz\/en\/wp-json\/wp\/v2\/product_brand?post=24012"},{"taxonomy":"product_cat","embeddable":true,"href":"https:\/\/monikakunovska.cz\/en\/wp-json\/wp\/v2\/product_cat?post=24012"}],"curies":[{"name":"wp","href":"https:\/\/api.w.org\/{rel}","templated":true}]}}