{"id":23979,"date":"2025-12-16T06:45:59","date_gmt":"2025-12-16T05:45:59","guid":{"rendered":"https:\/\/monikakunovska.cz\/?post_type=product&#038;p=23979"},"modified":"2026-05-08T10:46:34","modified_gmt":"2026-05-08T09:46:34","slug":"pranicke-ladeni-s-monikou-a-lucii-3-10-7-na-kokorinsku","status":"publish","type":"product","link":"https:\/\/monikakunovska.cz\/en\/produkty\/pranicke-ladeni-s-monikou-a-lucii-3-10-7-na-kokorinsku\/","title":{"rendered":"Pr\u00e1nick\u00e9 lad\u011bn\u00ed s Monikou a Luci\u00ed 3. &#8211; 10. 7.  na Koko\u0159\u00ednsku"},"content":{"rendered":"<h3>PR\u00c1NA \u2013 PR\u00c1NICK\u00c9 LAD\u011aN\u00cd \u2013 Pobyt na Koko\u0159\u00ednsku<\/h3>\n<h3>Datum: 3. &#8211; 10. 7.\u00a0 2026\u00a0 (za\u010d\u00e1tek v p\u00e1tek 3. 7., konec v p\u00e1tek 10. 7. kolem 14 hodiny)<\/h3>\n<h3>M\u00edsto kon\u00e1n\u00ed: Statek Tachov, Tachov u Doks (kr\u00e1sn\u00e9 prost\u0159ed\u00ed na kraji Koko\u0159\u00ednska, v bl\u00edzkosti M\u00e1chovo jezero)<\/h3>\n<h4>Dal\u0161\u00ed pobyty v r. 2026:<\/h4>\n<h4>3. &#8211; 10. 7., 19. &#8211; 23. 8.(harmoniza\u010dn\u00ed kemp), 4. &#8211; 12. 9. + 12. 9. &#8211; 20. 9. (chorvatsko), 23. &#8211; 28. 10., 13. &#8211; 17. 11. (vnit\u0159n\u00ed s\u00edla a harmonie),<\/h4>\n<p><strong><u>Pr\u00e1na<\/u><\/strong> \u2013 v\u0161eprostupuj\u00edc\u00ed a tvo\u0159iv\u00e1 energie, dech, l\u00e1ska \u2013 t\u00e9ma, kter\u00e9 za\u010d\u00edn\u00e1 zaj\u00edmat st\u00e1le v\u00edce lid\u00ed. \u017d\u00edt \u017eivot ve svobod\u011b, l\u00e1sce a propojen\u00ed se sebou v harmonii a klidu. Uv\u011bdom\u00edme si, \u017ee zdrojem energie nemus\u00ed b\u00fdt pouze j\u00eddlo, ale energie dostupn\u00e1 v\u017edy a v\u0161ude. A j\u00eddlo za\u010dne b\u00fdt pouze z\u00e1bava, nikoli nutnost.<\/p>\n<p>Smyslem pobyt\u016f je setk\u00e1n\u00ed a\u00a0 sd\u00edlen\u00ed zku\u0161enost\u00ed navz\u00e1jem. Ka\u017ed\u00fd z V\u00e1s m\u00e1 jedine\u010dnou cestu, zku\u0161enosti a m\u016f\u017eeme se navz\u00e1jem inspirovat. T\u00fddenn\u00ed pobyt ve spole\u010dn\u00e9m pr\u00e1nick\u00e9m harmonick\u00e9m poli pom\u00e1h\u00e1 lidem p\u0159i jejich cest\u011b k vnit\u0159n\u00ed harmonii, pr\u00e1n\u011b i sama k sob\u011b.<\/p>\n<p><strong>O \u010dem to bude:<\/strong><\/p>\n<ul>\n<li>8 dn\u016f bez fyzick\u00e9 stravy<\/li>\n<li>uv\u011bdom\u011bn\u00ed jak vlastn\u011b &#8220;chci&#8221; pro\u017e\u00edvat sv\u016fj \u017eivot, abych byl\/a v radosti<\/li>\n<li>ka\u017ed\u00fd den rann\u00ed meditace, energetick\u00e1 sn\u00eddan\u011b, ob\u011bd i ve\u010de\u0159e<\/li>\n<li>meditace na p\u0159elad\u011bn\u00ed bun\u011bk na pr\u00e1nu<\/li>\n<li>informace, jak t\u011blo funguje bez fyzick\u00e9 stravy, jak lze vyu\u017e\u00edt energetick\u00fd potenci\u00e1l bun\u011bk i energie kolem n\u00e1s<\/li>\n<li>pro\u010di\u0161t\u011bn\u00ed fyzick\u00e9, emo\u010dn\u00ed, ment\u00e1ln\u00ed i duchovn\u00ed \u00farovn\u011b<\/li>\n<li>pobyt v tichu<\/li>\n<li>proch\u00e1zky a uk\u00e1zky jak na\u010derpat energii z vody, strom\u016f, kamen\u016f, p\u0159\u00edrody<\/li>\n<li>cvi\u010den\u00ed Qigongu pro nabr\u00e1n\u00ed, kultivaci a vyu\u017eit\u00ed energie k sebel\u00e9\u010den\u00ed, vnit\u0159n\u00edmu klidu- zpracov\u00e1n\u00ed t\u00e9mat, kter\u00e1 n\u00e1m br\u00e1n\u00ed b\u00fdt v harmonii<\/li>\n<\/ul>\n<p><strong>Sv\u011btlo<\/strong> \u2013 p\u0159irozen\u00fd zdroj energie, kter\u00fd je v\u0161ude v n\u00e1s i kolem n\u00e1s. Jak si jej uchovat a vyu\u017e\u00edvat jej v\u011bdom\u011b? To je z\u00e1kladn\u00edm t\u00e9matem pr\u00e1nick\u00e9ho p\u0159echodu. V mal\u00e9 skupin\u011b ukotv\u00edme \u017eivot ze sv\u011btla, \u017eivot ve sv\u011btle. Vr\u00e1t\u00edme se do na\u0161\u00ed p\u0159irozenosti, kdy \u017eivotn\u00ed energie-pr\u00e1na byla na\u0161\u00ed sou\u010d\u00e1st\u00ed.<\/p>\n<p>8 dn\u016f budeme spolu pov\u00eddat, \u0159e\u0161it t\u00e9mata, kter\u00e1 v\u00e1m br\u00e1n\u00ed b\u00fdt v harmonii, cvi\u010dit, propojovat se s r\u016fzn\u00fdmi zdroji energie. P\u016fjdeme do hloubky sv\u00e9ho byt\u00ed, propoj\u00edme se pomoc\u00ed technik se sv\u00fdm V\u011bdom\u00edm. Sou\u010d\u00e1st\u00ed bude i pobyt v tichu a ve tm\u011b.<\/p>\n<p>Sou\u010d\u00e1st\u00ed pobytu bude tak\u00e9 individu\u00e1ln\u00ed konzultace pomoc\u00ed Image Medicine<\/p>\n<p><strong>Z\u00e1kladn\u00ed cena 8denn\u00edho pobytu v\u010d. ubytov\u00e1n\u00ed a ob\u010derstven\u00ed 13 000 K\u010d\/ 550 EUR <\/strong>\u00a0(mo\u017enost individu\u00e1ln\u00edho platebn\u00edho kalend\u00e1\u0159e)<\/p>\n<p>V cen\u011b je zahrnuto:<br \/>\n\u2013 ubytov\u00e1n\u00ed, kompletn\u00ed program,<br \/>\n\u2013 zaji\u0161t\u011bn\u00ed ovoce, o\u0159ech\u016f, k\u00e1vy, \u010daje, medu, p\u0159\u00edpadn\u011b dal\u0161\u00edch z\u00e1kladn\u00edch v\u011bc\u00ed pro p\u0159\u00edjemn\u00fd pobyt<\/p>\n<p><strong>Rezervace m\u00edsta je platn\u00e1 po registraci a uhrazen\u00ed z\u00e1lohy5 000 K\u010d. Doplatek je mo\u017en\u00e9 uhradit na m\u00edst\u011b nebo prost\u0159ednictv\u00edm rezerva\u010dn\u00edho syst\u00e9mu.\u00a0<\/strong><\/p>\n<p><strong>Registrace: p\u0159es webov\u00e9 str\u00e1nky.<\/strong><\/p>\n<h3><strong>Spolupo\u0159adatel\u00e9:<\/strong><\/h3>\n<pre><strong>Lucie Vackov\u00e1<\/strong> - absolventak pr\u00e1nick\u00fdch p\u0159echod\u016f se zahrani\u010dn\u00edmi lektory, p\u011bt let zku\u0161enost\u00ed s pr\u00e1nou<\/pre>\n<p><strong>M\u00edra Polesn\u00fd \u2013 Pr\u00e1ce s t\u011blem\u00a0 \u00a0<\/strong>P\u0159i vyu\u017eit\u00ed mnoha druh\u016f mas\u00e1\u017e\u00ed a technik, mo\u017enost\u00ed p\u016fsoben\u00ed a intenzity je odstra\u0148ov\u00e1no svalov\u00e9 nap\u011bt\u00ed a\u017e v\u00a0hlubok\u00fdch vrstv\u00e1ch sval\u016f. V\u00a0bun\u011b\u010dn\u00e9 pam\u011bti se p\u0159i mas\u00e1\u017ei spont\u00e1nn\u011b uvol\u0148uj\u00ed star\u0161\u00ed traumata, negativn\u00ed pro\u017eitky a vzorce. V\u0161e je p\u0159izp\u016fsobeno Va\u0161im pot\u0159eb\u00e1m a aktu\u00e1ln\u00edmu stavu<strong>.<\/strong><\/p>\n","protected":false},"excerpt":{"rendered":"<p>J\u00edst se nemus\u00ed, ale m\u016f\u017ee \u2013 a jak to ud\u011blat \u2013 o tom v\u0161em je n\u00e1\u0161 pobyt. 8 dn\u016f s pr\u00e1nou pro v\u0161echny, kter\u00e9 \u017eivot ze sv\u011btla oslovuje. Ale tak\u00e9 pro ka\u017ed\u00e9ho, kdo si chce vyzkou\u0161et pln\u011b si u\u017e\u00edt 8 dn\u016f bez fyzick\u00e9 stravy bez nutnosti po ukon\u010den\u00ed b\u00fdt pouze na pr\u00e1n\u011b. Spousta z\u00e1bavy, z\u00e1\u017eitk\u016f i informac\u00ed v kr\u00e1sn\u00e9m prost\u0159ed\u00ed koko\u0159\u00ednska. <\/p>\n","protected":false},"featured_media":20107,"template":"","meta":{"_eb_attr":"","uix_meta_title":"","uix_meta_description":"","uix_canonical_url":"","footnotes":""},"product_brand":[],"product_cat":[119],"class_list":{"0":"post-23979","1":"product","2":"type-product","3":"status-publish","4":"has-post-thumbnail","6":"product_cat-seminare","8":"first","9":"instock","10":"virtual","11":"purchasable","12":"product-type-simple"},"publishpress_future_action":{"enabled":true,"date":"2026-07-11 06:46:00","action":"change-status","newStatus":"draft","terms":[0],"taxonomy":"product_brand","extraData":[]},"publishpress_future_workflow_manual_trigger":{"enabledWorkflows":[]},"_links":{"self":[{"href":"https:\/\/monikakunovska.cz\/en\/wp-json\/wp\/v2\/product\/23979","targetHints":{"allow":["GET"]}}],"collection":[{"href":"https:\/\/monikakunovska.cz\/en\/wp-json\/wp\/v2\/product"}],"about":[{"href":"https:\/\/monikakunovska.cz\/en\/wp-json\/wp\/v2\/types\/product"}],"version-history":[{"count":7,"href":"https:\/\/monikakunovska.cz\/en\/wp-json\/wp\/v2\/product\/23979\/revisions"}],"predecessor-version":[{"id":25510,"href":"https:\/\/monikakunovska.cz\/en\/wp-json\/wp\/v2\/product\/23979\/revisions\/25510"}],"wp:featuredmedia":[{"embeddable":true,"href":"https:\/\/monikakunovska.cz\/en\/wp-json\/wp\/v2\/media\/20107"}],"wp:attachment":[{"href":"https:\/\/monikakunovska.cz\/en\/wp-json\/wp\/v2\/media?parent=23979"}],"wp:term":[{"taxonomy":"product_brand","embeddable":true,"href":"https:\/\/monikakunovska.cz\/en\/wp-json\/wp\/v2\/product_brand?post=23979"},{"taxonomy":"product_cat","embeddable":true,"href":"https:\/\/monikakunovska.cz\/en\/wp-json\/wp\/v2\/product_cat?post=23979"}],"curies":[{"name":"wp","href":"https:\/\/api.w.org\/{rel}","templated":true}]}}