{"id":22376,"date":"2025-01-20T09:51:19","date_gmt":"2025-01-20T08:51:19","guid":{"rendered":"https:\/\/monikakunovska.cz\/?post_type=product&#038;p=22376"},"modified":"2026-03-29T12:32:52","modified_gmt":"2026-03-29T11:32:52","slug":"pranicke-ladeni-na-hvaru-chorvatsko-4-12-9","status":"publish","type":"product","link":"https:\/\/monikakunovska.cz\/en\/produkty\/pranicke-ladeni-na-hvaru-chorvatsko-4-12-9\/","title":{"rendered":"Pr\u00e1nick\u00e9 lad\u011bn\u00ed na Hvaru, Chorvatsko 4. &#8211; 12. 9. 2026"},"content":{"rendered":"<h3>Datum: 4. &#8211; 12. 9. 2026 (8 dn\u016f, odjezd v p\u00e1tek 4. 9. ve\u010der, n\u00e1vrat v ned\u011bli 12. 9. r\u00e1no)<\/h3>\n<p>Na kurz navazuje Sporotovn\u011b pr\u00e1nick\u00fd Hvar 12. &#8211; 19. 9. na Cliffbase Sveta Nedjelja. A v\u011bt\u0161ina \u00fa\u010dastn\u00edk\u016f vol\u00ed kombinaci obou t\u00fddn\u016f.<\/p>\n<h3>M\u00edsto kon\u00e1n\u00ed: Sveta Nedjelja, Hvar, Chorvatsko<\/h3>\n<p><strong>O \u010dem to bude:<\/strong><\/p>\n<ul>\n<li>mo\u0159e, v\u00fdlety,<\/li>\n<li>8 dn\u016f bez fyzick\u00e9 stravy<\/li>\n<li>ka\u017ed\u00fd den mo\u017enost rann\u00ed meditace p\u0159i v\u00fdchodu slunce<\/li>\n<li>meditace na p\u0159elad\u011bn\u00ed bun\u011bk na pr\u00e1nu<\/li>\n<li>informace, jak t\u011blo funguje bez fyzick\u00e9 stravy, jak lze vyu\u017e\u00edt energetick\u00fd potenci\u00e1l bun\u011bk i energie kolem n\u00e1s<\/li>\n<li>pro\u010di\u0161t\u011bn\u00ed fyzick\u00e9, emo\u010dn\u00ed, ment\u00e1ln\u00ed i duchovn\u00ed \u00farovn\u011b<\/li>\n<li>proch\u00e1zky a uk\u00e1zky jak na\u010derpat energii z vody, strom\u016f, kamen\u016f, p\u0159\u00edrody<\/li>\n<li>cvi\u010den\u00ed Qigongu pro nabr\u00e1n\u00ed, kultivaci a vyu\u017eit\u00ed energie k sebel\u00e9\u010den\u00ed, vnit\u0159n\u00edmu klidu- zpracov\u00e1n\u00ed t\u00e9mat, kter\u00e1 n\u00e1m br\u00e1n\u00ed b\u00fdt v harmonii<\/li>\n<li>zpracov\u00e1n\u00ed t\u00e9mat, kter\u00e1 n\u00e1m br\u00e1n\u00ed b\u00fdt v harmonii<\/li>\n<\/ul>\n<p><strong>Sv\u011btlo<\/strong> \u2013 p\u0159irozen\u00fd zdroj energie, kter\u00fd je v\u0161ude v n\u00e1s i kolem n\u00e1s. Jak si jej uchovat a vyu\u017e\u00edvat jej v\u011bdom\u011b? To je z\u00e1kladn\u00edm t\u00e9matem pr\u00e1nick\u00e9ho p\u0159echodu. V mal\u00e9 skupin\u011b \u010dtrn\u00e1cti lid\u00ed ukotv\u00edme \u017eivot ze sv\u011btla, \u017eivot ve sv\u011btle. Vr\u00e1t\u00edme se do na\u0161\u00ed p\u0159irozenosti, kdy \u017eivotn\u00ed energie-pr\u00e1na byla na\u0161\u00ed sou\u010d\u00e1st\u00ed.<br \/>\n21 dn\u016f trv\u00e1, ne\u017e se na\u0161e podv\u011bdom\u00ed p\u0159eprogramuje na nov\u00fd n\u00e1vyk &#8211; z\u00edsk\u00e1vat energii jinak, ne\u017e z fyzick\u00e9 stravy.<br \/>\n8 dn\u016f budeme spolu pov\u00eddat, \u0159e\u0161it t\u00e9mata, kter\u00e1 v\u00e1m br\u00e1n\u00ed b\u00fdt v harmonii, cvi\u010dit, propojovat se s r\u016fzn\u00fdmi zdroji energie. P\u016fjdeme do hloubky sv\u00e9ho byt\u00ed, propoj\u00edme se pomoc\u00ed technik se sv\u00fdm V\u011bdom\u00edm. Sou\u010d\u00e1st\u00ed bude i pobyt v tichu.<\/p>\n<p>Sou\u010d\u00e1st\u00ed pobytu bude tak\u00e9 individu\u00e1ln\u00ed konzultace pomoc\u00ed Image Medicine<\/p>\n<p><strong>Z\u00e1kladn\u00ed cena 8denn\u00edho pobytu v\u010d. ubytov\u00e1n\u00ed a ob\u010derstven\u00ed 15 000 K\u010d\/ 625 EUR <\/strong>.<strong> Cena nezahrnuje dopravu, ale bude po\u0159\u00e1d\u00e1na spoluj\u00edzda \u00fa\u010dastn\u00edk\u016f.<\/strong><\/p>\n<p>K dispozici jsou 3 apartm\u00e1ny s celkem 11 m\u00edsty ve Villa La Lavanda a jeden apartm\u00e1n v Nila Aparmani (Vily jsou proti sob\u011b, program bude prob\u00edhat v Villa La Lavanda) . V prvn\u00edm apartm\u00e1nu jsou 2 dvojl\u016f\u017ekov\u00e9 pokoje a rozkl\u00e1dac\u00ed pohovka, v druh\u00e9m jeden dvojl\u016f\u017ekov\u00fd pokoj\u00a0 a rozkl\u00e1dac\u00ed pohovka, ve t\u0159et\u00edm jsou dva dvojl\u016f\u017ekov\u00e9 pokoje. P\u0159i span\u00ed na rozkl\u00e1dac\u00ed pohovce bude poskytnuta sleva 1500 K\u010d z ceny pobytu. Lze tak\u00e9 vyu\u017e\u00edt terasy a sp\u00e1t venku.<\/p>\n<p><strong>Pro zahrani\u010dn\u00ed platbu v EUR CZ89 0800 0000 0020 5000 7293, BIC: GIBACZPX.<\/strong><\/p>\n<p>V cen\u011b je zahrnuto:<br \/>\n&#8211; ubytov\u00e1n\u00ed, kompletn\u00ed program,<br \/>\n&#8211; zaji\u0161t\u011bn\u00ed ovoce, o\u0159ech\u016f, k\u00e1vy, \u010daje, medu, p\u0159\u00edpadn\u011b dal\u0161\u00edch z\u00e1kladn\u00edch v\u011bc\u00ed pro p\u0159\u00edjemn\u00fd pobyt.<\/p>\n<p><strong>Rezervace m\u00edsta je platn\u00e1 po registraci a uhrazen\u00ed z\u00e1lohy 5 000 K\u010d\/ 200 EUR. Doplatek je mo\u017en\u00e9 uhradit na m\u00edst\u011b nebo prost\u0159ednictv\u00edm rezerva\u010dn\u00edho syst\u00e9mu.\u00a0<\/strong><\/p>\n<p><strong>Registrace: p\u0159es webov\u00e9 str\u00e1nky<\/strong><\/p>\n<p><strong>Ostatn\u00ed ot\u00e1zky, p\u0159ipom\u00ednky: mailem<\/strong> <a href=\"mailto:pranickastrava@seznam.cz\">monika@monikakunovska.cz<\/a> nebo <strong>telefonicky <\/strong>na tel. 733 580 776<\/p>\n","protected":false},"excerpt":{"rendered":"<p>8 dn\u016f s pr\u00e1nou pro v\u0161echny, kter\u00e9 \u017eivot ze sv\u011btla oslovuje.\u00a0 Ale tak\u00e9 pro ka\u017ed\u00e9ho, kdo si chce vyzkou\u0161et pln\u011b si u\u017e\u00edt 8 dn\u016f bez fyzick\u00e9 stravy bez nutnosti po ukon\u010den\u00ed b\u00fdt pouze na pr\u00e1n\u011b. Spousta z\u00e1bavy, z\u00e1\u017eitk\u016f i informac\u00ed v kr\u00e1sn\u00e9m prost\u0159ed\u00ed u chorvatsk\u00e9ho mo\u0159e. V\u00fdlety po okol\u00ed, rann\u00ed meditace, \u010derp\u00e1n\u00ed slune\u010dn\u00ed energie. Prodlou\u017e\u00edme si l\u00e9to a vylad\u00edme se do svobody a sob\u011bsta\u010dnosti.<\/p>\n","protected":false},"featured_media":12419,"template":"","meta":{"_eb_attr":"","uix_meta_title":"","uix_meta_description":"","uix_canonical_url":"","footnotes":""},"product_brand":[],"product_cat":[119],"class_list":{"0":"post-22376","1":"product","2":"type-product","3":"status-publish","4":"has-post-thumbnail","6":"product_cat-seminare","8":"first","9":"instock","10":"virtual","11":"purchasable","12":"product-type-simple"},"publishpress_future_action":{"enabled":false,"date":"2026-04-19 07:48:41","action":"change-status","newStatus":"draft","terms":[],"taxonomy":"product_brand","extraData":[]},"publishpress_future_workflow_manual_trigger":{"enabledWorkflows":[]},"_links":{"self":[{"href":"https:\/\/monikakunovska.cz\/en\/wp-json\/wp\/v2\/product\/22376","targetHints":{"allow":["GET"]}}],"collection":[{"href":"https:\/\/monikakunovska.cz\/en\/wp-json\/wp\/v2\/product"}],"about":[{"href":"https:\/\/monikakunovska.cz\/en\/wp-json\/wp\/v2\/types\/product"}],"version-history":[{"count":2,"href":"https:\/\/monikakunovska.cz\/en\/wp-json\/wp\/v2\/product\/22376\/revisions"}],"predecessor-version":[{"id":23751,"href":"https:\/\/monikakunovska.cz\/en\/wp-json\/wp\/v2\/product\/22376\/revisions\/23751"}],"wp:featuredmedia":[{"embeddable":true,"href":"https:\/\/monikakunovska.cz\/en\/wp-json\/wp\/v2\/media\/12419"}],"wp:attachment":[{"href":"https:\/\/monikakunovska.cz\/en\/wp-json\/wp\/v2\/media?parent=22376"}],"wp:term":[{"taxonomy":"product_brand","embeddable":true,"href":"https:\/\/monikakunovska.cz\/en\/wp-json\/wp\/v2\/product_brand?post=22376"},{"taxonomy":"product_cat","embeddable":true,"href":"https:\/\/monikakunovska.cz\/en\/wp-json\/wp\/v2\/product_cat?post=22376"}],"curies":[{"name":"wp","href":"https:\/\/api.w.org\/{rel}","templated":true}]}}