{"id":17729,"date":"2025-12-16T05:16:34","date_gmt":"2025-12-16T04:16:34","guid":{"rendered":"https:\/\/monikakunovska.cz\/?post_type=product&#038;p=17729"},"modified":"2025-12-16T05:15:06","modified_gmt":"2025-12-16T04:15:06","slug":"svetelna-pondelni-meditace-online","status":"publish","type":"product","link":"https:\/\/monikakunovska.cz\/en\/produkty\/svetelna-pondelni-meditace-online\/","title":{"rendered":"Sv\u011bteln\u00e1 pond\u011bln\u00ed meditace online"},"content":{"rendered":"<p>C\u00edlem meditac\u00ed je zklidn\u011bn\u00ed, vstup do vnit\u0159n\u00edho prost\u0159ed\u00ed a potk\u00e1n\u00ed se sama se sebou.<\/p>\n<p>Ji\u017e \u0161est\u00fdm rokem se propojujeme ka\u017ed\u00e9 pond\u011bl\u00ed od 21 hodin p\u0159es youtube. Zn\u00ed to zvl\u00e1\u0161tn\u011b, j\u00e1 v\u00edm. ale sed\u00edme a meditujeme. Obrazovka pom\u00e1h\u00e1 na\u0161\u00ed mysli si uv\u011bdomit hlubok\u00e9 propojen\u00ed a nalad\u011bn\u00ed mezi sebou.<\/p>\n","protected":false},"excerpt":{"rendered":"<p>Op\u011bt zahajujeme od 20. 1.2025 ka\u017ed\u00e9 pond\u011bl\u00ed od 21 hodin. V klidu domova si m\u016f\u017eeme u\u017e\u00edt sv\u011btelnou meditaci online.<br \/>\nNa za\u010d\u00e1tku kr\u00e1tk\u00e9 nalad\u011bn\u00ed na r\u016fzn\u00e1 t\u00e9mata a potom ji\u017e v tichu a v d\u00e9lce, kter\u00e1 mu vyhovuje.<\/p>\n<p>Meditace jsou ve\u0159ejn\u00e9 p\u0159es youtube kan\u00e1l<br \/>\nhttps:\/\/www.youtube.com\/@monikakunovskaprana5711\/streams<\/p>\n","protected":false},"featured_media":22386,"template":"","meta":{"_eb_attr":"","uix_meta_title":"","uix_meta_description":"","uix_canonical_url":"","footnotes":""},"product_brand":[],"product_cat":[117],"class_list":{"0":"post-17729","1":"product","2":"type-product","3":"status-publish","4":"has-post-thumbnail","6":"product_cat-on-line","8":"first","9":"instock","10":"virtual","11":"product-type-simple"},"publishpress_future_action":{"enabled":false,"date":"2026-05-03 16:51:37","action":"change-status","newStatus":"draft","terms":[],"taxonomy":"product_brand","extraData":[]},"publishpress_future_workflow_manual_trigger":{"enabledWorkflows":[]},"_links":{"self":[{"href":"https:\/\/monikakunovska.cz\/en\/wp-json\/wp\/v2\/product\/17729","targetHints":{"allow":["GET"]}}],"collection":[{"href":"https:\/\/monikakunovska.cz\/en\/wp-json\/wp\/v2\/product"}],"about":[{"href":"https:\/\/monikakunovska.cz\/en\/wp-json\/wp\/v2\/types\/product"}],"version-history":[{"count":1,"href":"https:\/\/monikakunovska.cz\/en\/wp-json\/wp\/v2\/product\/17729\/revisions"}],"predecessor-version":[{"id":23940,"href":"https:\/\/monikakunovska.cz\/en\/wp-json\/wp\/v2\/product\/17729\/revisions\/23940"}],"wp:featuredmedia":[{"embeddable":true,"href":"https:\/\/monikakunovska.cz\/en\/wp-json\/wp\/v2\/media\/22386"}],"wp:attachment":[{"href":"https:\/\/monikakunovska.cz\/en\/wp-json\/wp\/v2\/media?parent=17729"}],"wp:term":[{"taxonomy":"product_brand","embeddable":true,"href":"https:\/\/monikakunovska.cz\/en\/wp-json\/wp\/v2\/product_brand?post=17729"},{"taxonomy":"product_cat","embeddable":true,"href":"https:\/\/monikakunovska.cz\/en\/wp-json\/wp\/v2\/product_cat?post=17729"}],"curies":[{"name":"wp","href":"https:\/\/api.w.org\/{rel}","templated":true}]}}