{"id":10949,"date":"2022-03-15T20:34:37","date_gmt":"2022-03-15T19:34:37","guid":{"rendered":"https:\/\/monikakunovska.cz\/?post_type=product&#038;p=10949"},"modified":"2026-04-21T11:04:13","modified_gmt":"2026-04-21T10:04:13","slug":"vnitrni-sila-a-harmonie","status":"publish","type":"product","link":"https:\/\/monikakunovska.cz\/en\/produkty\/vnitrni-sila-a-harmonie\/","title":{"rendered":"Vnit\u0159n\u00ed s\u00edla a harmonie  13. &#8211; 17. 11."},"content":{"rendered":"<h3>Datum: 14 &#8211; 17. 11. 2026 (p\u00e1tek od 19 hodin, \u00fater\u00fd do cca 15 hodin)<\/h3>\n<h3>M\u00edsto kon\u00e1n\u00ed: Centrum U Zdroje, Pavlov 34, Pavlov u Led\u010de nad S\u00e1zavou<\/h3>\n<p>V nov\u00fdch energi\u00edch pro\u017eijeme p\u011btidenn\u00ed restart na\u0161ich p\u0159esv\u011bd\u010den\u00ed, program\u016f, v\u0161eho, co v n\u00e1s z\u016fst\u00e1v\u00e1 a t\u00e1hne zp\u011bt do jedn\u00e1n\u00ed v minul\u00fdch vzorc\u00edch. Uv\u011bdom\u011bn\u00ed si star\u00fdch vzorc\u016f je nezbytn\u00fd z\u00e1klad pro mo\u017enost je propustit a prost\u011b si nahr\u00e1t ty nov\u00e9.<\/p>\n<p>Harmonie pat\u0159\u00ed k z\u00e1kladn\u00edm t\u00e9mat\u016fm na\u0161eho \u017eivota a vede k v\u011bdom\u00e9mu byt\u00ed. V\u011bdom\u00e9 byt\u00ed n\u00e1m umo\u017e\u0148uje pozorovat svoje sou\u010dasn\u00e9 nastaven\u00ed a uv\u011bdomit si, co chceme ve sv\u00e9m \u017eivot\u011b, chov\u00e1n\u00ed i jedn\u00e1n\u00ed zm\u011bnit. Uv\u011bdom\u011bn\u00ed si sama sebe vede k p\u0159ijet\u00ed sama sebe a l\u00e1sce k sob\u011b a t\u00edm i uzdraven\u00ed a spokojenosti. T\u00edm se spoj\u00edme se svoj\u00ed vnit\u0159n\u00ed silou. A potom si ji\u017e m\u016f\u017eeme u\u017e\u00edvat \u0161t\u011bst\u00ed a radost v ka\u017ed\u00e9m okam\u017eiku sv\u00e9ho byt\u00ed.\u00a0 A je to!!!<\/p>\n<p><strong>O \u010dem to bude:<\/strong><\/p>\n<ul>\n<li>co je harmonie a jak si ji uv\u011bdomit v ka\u017edodenn\u00edm \u017eivot\u011b<\/li>\n<li>pozornost na ka\u017ed\u00fd okam\u017eik sv\u00e9ho byt\u00ed<\/li>\n<li>propojen\u00ed rovin bo\u017estv\u00ed a lidstv\u00ed pro ka\u017edodenn\u00ed \u017eivot<\/li>\n<li>nastartov\u00e1n\u00ed procesu uzdraven\u00ed ve v\u0161ech rovin\u00e1ch<\/li>\n<li>ka\u017ed\u00fd den meditace, pr\u00e1ce s energi\u00ed, s emo\u010dn\u00edmi a ment\u00e1ln\u00edmi vzorci<\/li>\n<li>pro\u010di\u0161t\u011bn\u00ed a harmonizace fyzick\u00e9, emo\u010dn\u00ed, ment\u00e1ln\u00ed i duchovn\u00ed \u00farovn\u011b<\/li>\n<li>vytvo\u0159en\u00ed propojen\u00ed se zemskou a vesm\u00edrnou energi\u00ed<\/li>\n<li>mo\u017enost b\u00fdt 4 dn\u016f bez fyzick\u00e9 stravy a pomoc\u00ed meditace p\u0159eladit bu\u0148ky na pr\u00e1nu (v objektu je i kuchy\u0148ka)<\/li>\n<\/ul>\n<p><strong>Z\u00e1kladn\u00ed cena 4denn\u00edho pobytu v\u010d. ubytov\u00e1n\u00ed a ob\u010derstven\u00ed 10 500\/ 430 EUR<\/strong>\u00a0 Pro zahrani\u010dn\u00ed platbu v EUR CZ89 0800 0000 0020 5000 7293, BIC: GIBACZPX.<\/p>\n<p>Rezervace m\u00edsta je platn\u00e1 po registraci a uhrazen\u00ed z\u00e1lohy 3 000 K\u010d. Doplatek je mo\u017en\u00e9 uhradit na m\u00edst\u011b nebo prost\u0159ednictv\u00edm rezerva\u010dn\u00edho syst\u00e9mu.<\/p>\n<p>V cen\u011b je zahrnuto:<br \/>\n&#8211; ubytov\u00e1n\u00ed, kompletn\u00ed program,<br \/>\n&#8211; zaji\u0161t\u011bn\u00ed ovoce, o\u0159ech\u016f, k\u00e1vy, \u010daje, medu, p\u0159\u00edpadn\u011b dal\u0161\u00edch z\u00e1kladn\u00edch v\u011bc\u00ed pro p\u0159\u00edjemn\u00fd pobyt.<\/p>\n<p><strong>Ostatn\u00ed ot\u00e1zky, p\u0159ipom\u00ednky: mailem<\/strong> <a href=\"mailto:pranickastrava@seznam.cz\">monika@monikakunovska.cz<\/a> nebo <strong>telefonicky <\/strong>na tel. 733 580 776<\/p>\n","protected":false},"excerpt":{"rendered":"<p>Pobyt pro znovuprobuzen\u00ed sv\u00e9 vnit\u0159n\u00ed s\u00edly a harmonie.<br \/>\nHarmonie pat\u0159\u00ed k z\u00e1kladn\u00edm t\u00e9mat\u016fm na\u0161eho \u017eivota a vede k v\u011bdom\u00e9mu byt\u00ed. V\u011bdom\u00e9 byt\u00ed n\u00e1m umo\u017e\u0148uje pozorovat svoje sou\u010dasn\u00e9 nastaven\u00ed a uv\u011bdomit si, co chceme ve sv\u00e9m \u017eivot\u011b, chov\u00e1n\u00ed i jedn\u00e1n\u00ed zm\u011bnit. Uv\u011bdom\u011bn\u00ed si sama sebe vede k p\u0159ijet\u00ed sama sebe a l\u00e1sce k sob\u011b a t\u00edm i uzdraven\u00ed a spokojenosti. T\u00edm se spoj\u00edme se svoj\u00ed vnit\u0159n\u00ed silou. A potom si ji\u017e m\u016f\u017eeme u\u017e\u00edvat \u0161t\u011bst\u00ed a radost v ka\u017ed\u00e9m okam\u017eiku sv\u00e9ho byt\u00ed.\u00a0 A je to!!!<\/p>\n","protected":false},"featured_media":18723,"template":"","meta":{"_eb_attr":"","uix_meta_title":"","uix_meta_description":"","uix_canonical_url":"","footnotes":""},"product_brand":[],"product_cat":[119],"class_list":{"0":"post-10949","1":"product","2":"type-product","3":"status-publish","4":"has-post-thumbnail","6":"product_cat-seminare","8":"first","9":"instock","10":"virtual","11":"purchasable","12":"product-type-simple"},"publishpress_future_action":{"enabled":false,"date":"2026-04-29 22:12:14","action":"change-status","newStatus":"draft","terms":[],"taxonomy":"product_brand","extraData":[]},"publishpress_future_workflow_manual_trigger":{"enabledWorkflows":[]},"_links":{"self":[{"href":"https:\/\/monikakunovska.cz\/en\/wp-json\/wp\/v2\/product\/10949","targetHints":{"allow":["GET"]}}],"collection":[{"href":"https:\/\/monikakunovska.cz\/en\/wp-json\/wp\/v2\/product"}],"about":[{"href":"https:\/\/monikakunovska.cz\/en\/wp-json\/wp\/v2\/types\/product"}],"version-history":[{"count":2,"href":"https:\/\/monikakunovska.cz\/en\/wp-json\/wp\/v2\/product\/10949\/revisions"}],"predecessor-version":[{"id":25460,"href":"https:\/\/monikakunovska.cz\/en\/wp-json\/wp\/v2\/product\/10949\/revisions\/25460"}],"wp:featuredmedia":[{"embeddable":true,"href":"https:\/\/monikakunovska.cz\/en\/wp-json\/wp\/v2\/media\/18723"}],"wp:attachment":[{"href":"https:\/\/monikakunovska.cz\/en\/wp-json\/wp\/v2\/media?parent=10949"}],"wp:term":[{"taxonomy":"product_brand","embeddable":true,"href":"https:\/\/monikakunovska.cz\/en\/wp-json\/wp\/v2\/product_brand?post=10949"},{"taxonomy":"product_cat","embeddable":true,"href":"https:\/\/monikakunovska.cz\/en\/wp-json\/wp\/v2\/product_cat?post=10949"}],"curies":[{"name":"wp","href":"https:\/\/api.w.org\/{rel}","templated":true}]}}