{"id":21952,"date":"2023-09-02T18:58:44","date_gmt":"2023-09-02T17:58:44","guid":{"rendered":"https:\/\/monikakunovska.cz\/odber-archiv-novinek-en\/"},"modified":"2025-01-12T01:36:19","modified_gmt":"2025-01-12T00:36:19","slug":"odber-archiv-novinek-en","status":"publish","type":"page","link":"https:\/\/monikakunovska.cz\/en\/odber-archiv-novinek-en\/","title":{"rendered":"Subscription &#8211; News archive"},"content":{"rendered":"\t\t<div data-elementor-type=\"wp-page\" data-elementor-id=\"21952\" class=\"elementor elementor-21952 elementor-17531\" data-elementor-post-type=\"page\">\n\t\t\t\t\t\t<section data-dce-background-image-url=\"https:\/\/monikakunovska.cz\/wp-content\/uploads\/2023\/09\/Centrum-svetla-Mailing-BG.jpg\" class=\"elementor-section elementor-top-section elementor-element elementor-element-6b512512 elementor-section-height-min-height elementor-section-content-middle elementor-section-boxed elementor-section-height-default elementor-section-items-middle\" data-id=\"6b512512\" data-element_type=\"section\" data-e-type=\"section\" id=\"t6_mailing_section\" data-settings=\"{&quot;background_background&quot;:&quot;classic&quot;}\">\n\t\t\t\t\t\t<div class=\"elementor-container elementor-column-gap-no\">\n\t\t\t\t\t<div class=\"elementor-column elementor-col-100 elementor-top-column elementor-element elementor-element-3e595952\" data-id=\"3e595952\" data-element_type=\"column\" data-e-type=\"column\" data-settings=\"{&quot;background_background&quot;:&quot;classic&quot;}\">\n\t\t\t<div class=\"elementor-widget-wrap elementor-element-populated\">\n\t\t\t\t\t\t<div class=\"elementor-element elementor-element-76cda50f elementor-widget elementor-widget-heading\" data-id=\"76cda50f\" data-element_type=\"widget\" data-e-type=\"widget\" data-widget_type=\"heading.default\">\n\t\t\t\t<div class=\"elementor-widget-container\">\n\t\t\t\t\t<h2 class=\"elementor-heading-title elementor-size-default\">Newsletter archive<\/h2>\t\t\t\t<\/div>\n\t\t\t\t<\/div>\n\t\t\t\t<div class=\"elementor-element elementor-element-1e7c9f6d elementor-widget-divider--view-line elementor-widget elementor-widget-divider\" data-id=\"1e7c9f6d\" data-element_type=\"widget\" data-e-type=\"widget\" data-widget_type=\"divider.default\">\n\t\t\t\t<div class=\"elementor-widget-container\">\n\t\t\t\t\t\t\t<div class=\"elementor-divider\">\n\t\t\t<span class=\"elementor-divider-separator\">\n\t\t\t\t\t\t<\/span>\n\t\t<\/div>\n\t\t\t\t\t\t<\/div>\n\t\t\t\t<\/div>\n\t\t\t\t<div class=\"elementor-element elementor-element-6efe1f53 elementor-widget elementor-widget-shortcode\" data-id=\"6efe1f53\" data-element_type=\"widget\" data-e-type=\"widget\" data-widget_type=\"shortcode.default\">\n\t\t\t\t<div class=\"elementor-widget-container\">\n\t\t\t\t\t\t\t<div class=\"elementor-shortcode\"><ul class=\"mailpoet_archive\"><li><span class=\"mailpoet_archive_date\">08. 05. 2026<\/span>\n          <span class=\"mailpoet_archive_subject\"><a href=\"https:\/\/monikakunovska.cz\/en\/?mailpoet_router&amp;endpoint=view_in_browser&amp;action=view&amp;data=WzMwLCIyZmJmMmIxYzU0YzgiLDAsMCwyMiwxXQ\" target=\"_blank\" title=\"Preview in a new tab\">Chronick\u00e9 bolesti a nemoci lze uzdravit<\/a><\/span>\n        <\/li><li><span class=\"mailpoet_archive_date\">13. 04. 2026<\/span>\n          <span class=\"mailpoet_archive_subject\"><a href=\"https:\/\/monikakunovska.cz\/en\/?mailpoet_router&amp;endpoint=view_in_browser&amp;action=view&amp;data=WzI5LCJlYmRjOTU5NjU1YTAiLDAsMCwyMSwxXQ\" target=\"_blank\" title=\"Preview in a new tab\">SV\u011aTLO - ENERGIE - ZDRAV\u00cd<\/a><\/span>\n        <\/li><li><span class=\"mailpoet_archive_date\">25. 02. 2026<\/span>\n          <span class=\"mailpoet_archive_subject\"><a href=\"https:\/\/monikakunovska.cz\/en\/?mailpoet_router&amp;endpoint=view_in_browser&amp;action=view&amp;data=WzI4LCJkYzlhMDA1ZmRjYWUiLDAsMCwyMCwxXQ\" target=\"_blank\" title=\"Preview in a new tab\">SV\u011aTLO - ENERGIE - ZDRAV\u00cd<\/a><\/span>\n        <\/li><li><span class=\"mailpoet_archive_date\">01. 01. 2026<\/span>\n          <span class=\"mailpoet_archive_subject\"><a href=\"https:\/\/monikakunovska.cz\/en\/?mailpoet_router&amp;endpoint=view_in_browser&amp;action=view&amp;data=WzIzLCIyN2MzMTM5YTM0NWQiLDAsMCwxOSwxXQ\" target=\"_blank\" title=\"Preview in a new tab\">V NOV\u00ddCH ENERGI\u00cdCH!!!<\/a><\/span>\n        <\/li><li><span class=\"mailpoet_archive_date\">04. 11. 2025<\/span>\n          <span class=\"mailpoet_archive_subject\"><a href=\"https:\/\/monikakunovska.cz\/en\/?mailpoet_router&amp;endpoint=view_in_browser&amp;action=view&amp;data=WzIyLCJkYTViYmE2MmU5ZTUiLDAsMCwxOCwxXQ\" target=\"_blank\" title=\"Preview in a new tab\">JSEM KDO JSEM!!!<\/a><\/span>\n        <\/li><li><span class=\"mailpoet_archive_date\">05. 09. 2025<\/span>\n          <span class=\"mailpoet_archive_subject\"><a href=\"https:\/\/monikakunovska.cz\/en\/?mailpoet_router&amp;endpoint=view_in_browser&amp;action=view&amp;data=WzIxLCI0NjEzYmQ1ZjAxZWUiLDAsMCwxNywxXQ\" target=\"_blank\" title=\"Preview in a new tab\">Profesor Xu Mingtang poprv\u00e9 v Praze, \u0159\u00edjen 2025<\/a><\/span>\n        <\/li><li><span class=\"mailpoet_archive_date\">05. 09. 2025<\/span>\n          <span class=\"mailpoet_archive_subject\"><a href=\"https:\/\/monikakunovska.cz\/en\/?mailpoet_router&amp;endpoint=view_in_browser&amp;action=view&amp;data=WzIwLCJlYTY5OGI3NGU0ZTIiLDAsMCwxNiwxXQ\" target=\"_blank\" title=\"Preview in a new tab\">Vstup do sv\u00e9 vnit\u0159n\u00ed s\u00edly !!!<\/a><\/span>\n        <\/li><li><span class=\"mailpoet_archive_date\">23. 06. 2025<\/span>\n          <span class=\"mailpoet_archive_subject\"><a href=\"https:\/\/monikakunovska.cz\/en\/?mailpoet_router&amp;endpoint=view_in_browser&amp;action=view&amp;data=WzE5LCJjZWY2MzNhNzQwNjciLDAsMCwxNSwxXQ\" target=\"_blank\" title=\"Preview in a new tab\">Aktivace vnit\u0159n\u00edho zdroje energie v n\u00e1s<\/a><\/span>\n        <\/li><li><span class=\"mailpoet_archive_date\">13. 05. 2025<\/span>\n          <span class=\"mailpoet_archive_subject\"><a href=\"https:\/\/monikakunovska.cz\/en\/?mailpoet_router&amp;endpoint=view_in_browser&amp;action=view&amp;data=WzE4LCIzYTQ0Zjc5MGQ3YjMiLDAsMCwxNCwxXQ\" target=\"_blank\" title=\"Preview in a new tab\">Slune\u010dn\u00ed z\u00e1\u0159en\u00ed jako zdroj radosti ale i v\u00fd\u017eivy<\/a><\/span>\n        <\/li><li><span class=\"mailpoet_archive_date\">28. 02. 2025<\/span>\n          <span class=\"mailpoet_archive_subject\"><a href=\"https:\/\/monikakunovska.cz\/en\/?mailpoet_router&amp;endpoint=view_in_browser&amp;action=view&amp;data=WzE2LCIyYTI0NzA2ZmQzMDEiLDAsMCwxMywxXQ\" target=\"_blank\" title=\"Preview in a new tab\">Harmonie a Pr\u00e1na, jak to spolu souvis\u00ed?<\/a><\/span>\n        <\/li><li><span class=\"mailpoet_archive_date\">29. 01. 2025<\/span>\n          <span class=\"mailpoet_archive_subject\"><a href=\"https:\/\/monikakunovska.cz\/en\/?mailpoet_router&amp;endpoint=view_in_browser&amp;action=view&amp;data=WzE1LCI0YWNjNGNlZjA0MmMiLDAsMCwxMiwxXQ\" target=\"_blank\" title=\"Preview in a new tab\">Z\u00e1vislost na j\u00eddle?  hmmmm?<\/a><\/span>\n        <\/li><li><span class=\"mailpoet_archive_date\">03. 01. 2025<\/span>\n          <span class=\"mailpoet_archive_subject\"><a href=\"https:\/\/monikakunovska.cz\/en\/?mailpoet_router&amp;endpoint=view_in_browser&amp;action=view&amp;data=WzE0LCJkNjA1MjhhMDNiZmEiLDAsMCwxMSwxXQ\" target=\"_blank\" title=\"Preview in a new tab\">10 let na pr\u00e1n\u011b<\/a><\/span>\n        <\/li><li><span class=\"mailpoet_archive_date\">18. 12. 2024<\/span>\n          <span class=\"mailpoet_archive_subject\"><a href=\"https:\/\/monikakunovska.cz\/en\/?mailpoet_router&amp;endpoint=view_in_browser&amp;action=view&amp;data=WzEzLCJlMmEyZGFlZGU0Y2YiLDAsMCwxMCwxXQ\" target=\"_blank\" title=\"Preview in a new tab\">Je\u0161t\u011b nem\u00e1te d\u00e1rek?<\/a><\/span>\n        <\/li><li><span class=\"mailpoet_archive_date\">30. 11. 2024<\/span>\n          <span class=\"mailpoet_archive_subject\"><a href=\"https:\/\/monikakunovska.cz\/en\/?mailpoet_router&amp;endpoint=view_in_browser&amp;action=view&amp;data=WzExLCIxZTEwMDMzOTc1NWQiLDAsMCw5LDFd\" target=\"_blank\" title=\"Preview in a new tab\">ADVENTN\u00cd V\u00ddZVA 2024 m\u016fj d\u00e1rek pro V\u00e1s<\/a><\/span>\n        <\/li><li><span class=\"mailpoet_archive_date\">05. 10. 2024<\/span>\n          <span class=\"mailpoet_archive_subject\"><a href=\"https:\/\/monikakunovska.cz\/en\/?mailpoet_router&amp;endpoint=view_in_browser&amp;action=view&amp;data=WzEwLCIyMzQ2YTU2Nzc5ZmMiLDAsMCw4LDFd\" target=\"_blank\" title=\"Preview in a new tab\">Pr\u00e1ce s energi\u00ed, Z\u00e1vislost na j\u00eddle - V\u011bdom\u00e9 j\u00eddlo - Pr\u00e1na<\/a><\/span>\n        <\/li><li><span class=\"mailpoet_archive_date\">22. 08. 2024<\/span>\n          <span class=\"mailpoet_archive_subject\"><a href=\"https:\/\/monikakunovska.cz\/en\/?mailpoet_router&amp;endpoint=view_in_browser&amp;action=view&amp;data=WzksImZjMDViODBhNGJhMCIsMCwwLDcsMV0\" target=\"_blank\" title=\"Preview in a new tab\">ENERGIE, ENERGIE, ENERGIE s Monikou<\/a><\/span>\n        <\/li><li><span class=\"mailpoet_archive_date\">27. 05. 2024<\/span>\n          <span class=\"mailpoet_archive_subject\"><a href=\"https:\/\/monikakunovska.cz\/en\/?mailpoet_router&amp;endpoint=view_in_browser&amp;action=view&amp;data=WzgsIjA5NzA5OTRmMTM2NSIsMCwwLDYsMV0\" target=\"_blank\" title=\"Preview in a new tab\">ENERGIE, ENERGIE, ENERGIE s Monikou<\/a><\/span>\n        <\/li><li><span class=\"mailpoet_archive_date\">03. 04. 2024<\/span>\n          <span class=\"mailpoet_archive_subject\"><a href=\"https:\/\/monikakunovska.cz\/en\/?mailpoet_router&amp;endpoint=view_in_browser&amp;action=view&amp;data=WzcsIjNmMDQ4ZjZjNTk4NSIsMCwwLDUsMV0\" target=\"_blank\" title=\"Preview in a new tab\">ENERGIE, ENERGIE, ENERGIE<\/a><\/span>\n        <\/li><li><span class=\"mailpoet_archive_date\">15. 03. 2024<\/span>\n          <span class=\"mailpoet_archive_subject\"><a href=\"https:\/\/monikakunovska.cz\/en\/?mailpoet_router&amp;endpoint=view_in_browser&amp;action=view&amp;data=WzYsIjRiNGM2OTQxYmI2NyIsMCwwLDQsMV0\" target=\"_blank\" title=\"Preview in a new tab\">OBJEVOV\u00c1N\u00cd SAMA SEBE, SV\u00c9 S\u00cdLY I TVO\u0158EN\u00cd SV\u00c9HO \u017dIVOTA<\/a><\/span>\n        <\/li><li><span class=\"mailpoet_archive_date\">12. 01. 2024<\/span>\n          <span class=\"mailpoet_archive_subject\"><a href=\"https:\/\/monikakunovska.cz\/en\/?mailpoet_router&amp;endpoint=view_in_browser&amp;action=view&amp;data=WzQsImIyNDc5ZjM5Y2ZmNiIsMCwwLDIsMV0\" target=\"_blank\" title=\"Preview in a new tab\">Nov\u00e1 t\u00e9mata nov\u00e9ho roku - pr\u00e1na, energie, z\u00e1vislosti na j\u00eddle<\/a><\/span>\n        <\/li><li><span class=\"mailpoet_archive_date\">07. 11. 2023<\/span>\n          <span class=\"mailpoet_archive_subject\"><a href=\"https:\/\/monikakunovska.cz\/en\/?mailpoet_router&amp;endpoint=view_in_browser&amp;action=view&amp;data=WzIsIjcwZjAyMmI3NzgyYSIsMCwwLDEsMV0\" target=\"_blank\" title=\"Preview in a new tab\">Co m\u016f\u017eeme pro\u017e\u00edt spolu v pr\u00e1nick\u00e9m poli<\/a><\/span>\n        <\/li><\/ul><\/div>\n\t\t\t\t\t\t<\/div>\n\t\t\t\t<\/div>\n\t\t\t\t\t<\/div>\n\t\t<\/div>\n\t\t\t\t\t<\/div>\n\t\t<\/section>\n\t\t\t\t<\/div>\n\t\t","protected":false},"excerpt":{"rendered":"<p>Newsletter archive<\/p>\n","protected":false},"author":1,"featured_media":0,"parent":0,"menu_order":41,"comment_status":"closed","ping_status":"closed","template":"elementor_header_footer","meta":{"_eb_attr":"","uix_meta_title":"","uix_meta_description":"","uix_canonical_url":"","footnotes":""},"class_list":["post-21952","page","type-page","status-publish","hentry"],"publishpress_future_workflow_manual_trigger":{"enabledWorkflows":[]},"_links":{"self":[{"href":"https:\/\/monikakunovska.cz\/en\/wp-json\/wp\/v2\/pages\/21952","targetHints":{"allow":["GET"]}}],"collection":[{"href":"https:\/\/monikakunovska.cz\/en\/wp-json\/wp\/v2\/pages"}],"about":[{"href":"https:\/\/monikakunovska.cz\/en\/wp-json\/wp\/v2\/types\/page"}],"author":[{"embeddable":true,"href":"https:\/\/monikakunovska.cz\/en\/wp-json\/wp\/v2\/users\/1"}],"replies":[{"embeddable":true,"href":"https:\/\/monikakunovska.cz\/en\/wp-json\/wp\/v2\/comments?post=21952"}],"version-history":[{"count":0,"href":"https:\/\/monikakunovska.cz\/en\/wp-json\/wp\/v2\/pages\/21952\/revisions"}],"wp:attachment":[{"href":"https:\/\/monikakunovska.cz\/en\/wp-json\/wp\/v2\/media?parent=21952"}],"curies":[{"name":"wp","href":"https:\/\/api.w.org\/{rel}","templated":true}]}}